{"id":1188,"date":"2023-11-23T10:01:56","date_gmt":"2023-11-23T09:01:56","guid":{"rendered":"https:\/\/www.kimpaituba.com\/?page_id=1188"},"modified":"2024-10-08T20:08:11","modified_gmt":"2024-10-08T19:08:11","slug":"about-kimpai","status":"publish","type":"page","link":"https:\/\/www.kimpaituba.com\/sl\/our-story\/about-kimpai\/","title":{"rendered":"About Kimpai"},"content":{"rendered":"<p>[et_pb_section fb_built=&#8221;1&#8243; _builder_version=&#8221;4.24.3&#8243; _module_preset=&#8221;default&#8221; custom_padding=&#8221;0px|0px|0px|0px|false|true&#8221; locked=&#8221;off&#8221; global_colors_info=&#8221;{}&#8221;][et_pb_row column_structure=&#8221;1_2,1_4,1_4&#8243; use_custom_gutter=&#8221;on&#8221; make_equal=&#8221;on&#8221; _builder_version=&#8221;4.24.3&#8243; _module_preset=&#8221;default&#8221; width=&#8221;90%&#8221; max_width=&#8221;none&#8221; custom_padding=&#8221;0px||0px||true|false&#8221; global_colors_info=&#8221;{}&#8221;][et_pb_column type=&#8221;1_2&#8243; _builder_version=&#8221;4.24.3&#8243; _module_preset=&#8221;default&#8221; custom_padding=&#8221;||44px||false|false&#8221; global_colors_info=&#8221;{}&#8221;][et_pb_text _builder_version=&#8221;4.24.3&#8243; _module_preset=&#8221;default&#8221; text_text_color=&#8221;gcid-f212ab79-f76f-419a-a13f-8d157a4c61dd&#8221; text_font_size=&#8221;20px&#8221; text_line_height=&#8221;1.6em&#8221; header_font=&#8221;||||||||&#8221; header_text_color=&#8221;gcid-f212ab79-f76f-419a-a13f-8d157a4c61dd&#8221; header_font_size=&#8221;44px&#8221; header_line_height=&#8221;1.2em&#8221; width=&#8221;90%&#8221; width_tablet=&#8221;70%&#8221; width_phone=&#8221;90%&#8221; width_last_edited=&#8221;on|phone&#8221; min_height=&#8221;10px&#8221; custom_margin=&#8221;||44px||false|false&#8221; custom_padding=&#8221;74px|||10%|false|false&#8221; text_font_size_tablet=&#8221;&#8221; text_font_size_phone=&#8221;13px&#8221; text_font_size_last_edited=&#8221;on|phone&#8221; header_font_size_tablet=&#8221;54px&#8221; header_font_size_phone=&#8221;34px&#8221; header_font_size_last_edited=&#8221;on|phone&#8221; locked=&#8221;off&#8221; global_colors_info=&#8221;{%22gcid-f212ab79-f76f-419a-a13f-8d157a4c61dd%22:%91%22text_text_color%22,%22header_text_color%22%93}&#8221; admin_label=&#8221;Besedilo&#8221;]<\/p>\n<h1>O nas<\/h1>\n<p>&nbsp;<\/p>\n<p>Smo ponosni \u010dlan dveh vodilnih dru\u017ein proizvajalcev tub: skupine Kim Pai in Impact International.<\/p>\n<p>Skupaj prina\u0161amo najbolj\u0161e iz obeh svetov v Slovenijo in Evropo.<\/p>\n<p>[\/et_pb_text][et_pb_button button_url=&#8221;@ET-DC@eyJkeW5hbWljIjp0cnVlLCJjb250ZW50IjoicG9zdF9saW5rX3VybF9wYWdlIiwic2V0dGluZ3MiOnsicG9zdF9pZCI6IjE0MDIifX0=@&#8221; button_text=&#8221;Our Tubes&#8221; button_alignment=&#8221;center&#8221; admin_label=&#8221;Na\u0161e tube&#8221; _builder_version=&#8221;4.24.3&#8243; _dynamic_attributes=&#8221;button_url&#8221; _module_preset=&#8221;default&#8221; custom_button=&#8221;on&#8221; button_text_color=&#8221;gcid-f212ab79-f76f-419a-a13f-8d157a4c61dd&#8221; button_bg_color=&#8221;RGBA(255,255,255,0)&#8221; button_border_color=&#8221;gcid-f212ab79-f76f-419a-a13f-8d157a4c61dd&#8221; button_border_radius=&#8221;44px&#8221; button_on_hover=&#8221;off&#8221; custom_margin=&#8221;44px||||false|false&#8221; custom_padding=&#8221;14px|64px|14px|54px|true|false&#8221; custom_css_main_element=&#8221;width: 50%;&#8221; saved_tabs=&#8221;all&#8221; locked=&#8221;off&#8221; global_colors_info=&#8221;{%22gcid-f212ab79-f76f-419a-a13f-8d157a4c61dd%22:%91%22button_border_color%22,%22button_text_color%22%93}&#8221; custom_css_main_element_last_edited=&#8221;on|phone&#8221; custom_css_main_element_phone=&#8221;width: 90%;&#8221; custom_css_main_element_tablet=&#8221;width: 50%;&#8221;][\/et_pb_button][\/et_pb_column][et_pb_column type=&#8221;1_4&#8243; _builder_version=&#8221;4.24.3&#8243; _module_preset=&#8221;default&#8221; global_colors_info=&#8221;{}&#8221;][et_pb_image src=&#8221;https:\/\/www.kimpaituba.com\/wp-content\/uploads\/2023\/07\/logo-etma-tube-of-year-2023.jpg&#8221; alt=&#8221;KimPai Tuba Wins &#8216;Tube of the Year&#8217; Award&#8221; title_text=&#8221;KimPai Tuba Wins &#8216;Tube of the Year&#8217; Award&#8221; url=&#8221;https:\/\/www.etma-online.org\/toty.html&#8221; url_new_window=&#8221;on&#8221; show_bottom_space=&#8221;off&#8221; admin_label=&#8221;Tuba leta&#8221; _builder_version=&#8221;4.24.3&#8243; _module_preset=&#8221;default&#8221; custom_padding=&#8221;44px||44px||true|false&#8221; global_colors_info=&#8221;{}&#8221;][\/et_pb_image][\/et_pb_column][et_pb_column type=&#8221;1_4&#8243; _builder_version=&#8221;4.24.3&#8243; _module_preset=&#8221;default&#8221; global_colors_info=&#8221;{}&#8221;][et_pb_image src=&#8221;https:\/\/www.kimpaituba.com\/wp-content\/uploads\/2023\/07\/kimpai-tube-of-the-year-2023-tuba.jpg&#8221; alt=&#8221;KimPai Tuba Wins &#8216;Tube of the Year&#8217; Award&#8221; title_text=&#8221;KimPai Tuba Wins &#8216;Tube of the Year&#8217; Award&#8221; _builder_version=&#8221;4.24.3&#8243; _module_preset=&#8221;default&#8221; custom_padding=&#8221;44px||44px||true|false&#8221; global_colors_info=&#8221;{}&#8221;][\/et_pb_image][\/et_pb_column][\/et_pb_row][\/et_pb_section][et_pb_section fb_built=&#8221;1&#8243; admin_label=&#8221;Tuba LETA&#8221; _builder_version=&#8221;4.23.1&#8243; _module_preset=&#8221;default&#8221; z_index=&#8221;100&#8243; custom_padding=&#8221;99px||99px||true|false&#8221; box_shadow_style=&#8221;preset2&#8243; box_shadow_vertical=&#8221;-6px&#8221; box_shadow_blur=&#8221;10px&#8221; locked=&#8221;off&#8221; global_colors_info=&#8221;{}&#8221;][et_pb_row use_custom_gutter=&#8221;on&#8221; _builder_version=&#8221;4.23.1&#8243; _module_preset=&#8221;default&#8221; width=&#8221;100%&#8221; width_tablet=&#8221;100%&#8221; width_phone=&#8221;90%&#8221; width_last_edited=&#8221;on|phone&#8221; max_width=&#8221;1600px&#8221; max_width_tablet=&#8221;1600px&#8221; max_width_phone=&#8221;1600px&#8221; max_width_last_edited=&#8221;on|phone&#8221; global_colors_info=&#8221;{}&#8221;][et_pb_column type=&#8221;4_4&#8243; _builder_version=&#8221;4.21.0&#8243; _module_preset=&#8221;default&#8221; global_colors_info=&#8221;{}&#8221;][et_pb_text _builder_version=&#8221;4.24.2&#8243; _module_preset=&#8221;default&#8221; header_font=&#8221;|300|||||||&#8221; header_text_align=&#8221;left&#8221; header_text_color=&#8221;gcid-c870fd13-66ac-4c80-9c31-661f57ed5a94&#8243; header_line_height=&#8221;1.2em&#8221; global_colors_info=&#8221;{%22gcid-c870fd13-66ac-4c80-9c31-661f57ed5a94%22:%91%22header_text_color%22%93}&#8221; admin_label=&#8221;Besedilo&#8221;]<\/p>\n<h1>Kdo smo<\/h1>\n<p>[\/et_pb_text][et_pb_text _builder_version=&#8221;4.24.3&#8243; _module_preset=&#8221;default&#8221; text_font=&#8221;||||||||&#8221; text_line_height=&#8221;1.8em&#8221; header_font=&#8221;||||||||&#8221; header_2_font=&#8221;Montserrat|700|||||||&#8221; header_2_text_color=&#8221;gcid-c870fd13-66ac-4c80-9c31-661f57ed5a94&#8243; header_2_font_size=&#8221;48px&#8221; header_2_line_height=&#8221;1.4em&#8221; module_alignment=&#8221;center&#8221; text_font_size_tablet=&#8221;18px&#8221; text_font_size_phone=&#8221;16px&#8221; text_font_size_last_edited=&#8221;on|phone&#8221; header_2_font_size_tablet=&#8221;38px&#8221; header_2_font_size_phone=&#8221;28px&#8221; header_2_font_size_last_edited=&#8221;on|phone&#8221; global_colors_info=&#8221;{%22gcid-c870fd13-66ac-4c80-9c31-661f57ed5a94%22:%91%22header_2_text_color%22%93}&#8221;]<\/p>\n<p>Skupina Kim Pai Group je velika sila v Aziji, vsako leto proizvede pribli\u017eno 2 milijardi tub in \u200b\u200boskrbuje milijone ljudi po vsem svetu. Zaradi strokovnega znanja na podro\u010dju hitrega odlo\u010danja in proizvodnje tub po meri smo postali priljubljeni v ve\u010d kot 30 dr\u017eavah.<\/p>\n<p>Pri Impact International \u017ee ve\u010d kot 90 let izdelujemo tube vrhunske kakovosti. Z mo\u010dno prisotnostjo od Avstralije do Japonske smo znani po inovativnem dizajnu in predanosti kakovosti.<\/p>\n<p>Pri Kim Pai Tubi zdru\u017eujemo te bogate zgodovine, da dostavimo izjemne laminatne tube prav iz osr\u010dja Slovenije. Kakovost, inovativnost in trajnost so jedro na\u0161ega po\u010detja.<\/p>\n<p>Pridru\u017eite se nam pri na\u0161i misiji ustvarjanja najbolj\u0161ih tub za svet in va\u0161o blagovno znamko!<\/p>\n<p>[\/et_pb_text][\/et_pb_column][\/et_pb_row][\/et_pb_section]<\/p>","protected":false},"excerpt":{"rendered":"<p>About Us &nbsp; We&#8217;re a proud member of two leading tube manufacturing families: the Kim Pai Group and Impact International. Together, we bring the best of both worlds to Ljubljana, Europe.Who are weKim Pai Group is a powerhouse in Asia, producing rougly 2 billion tubes each year and serving millions across the globe. The expertise [&hellip;]<\/p>","protected":false},"author":1,"featured_media":0,"parent":1399,"menu_order":100,"comment_status":"closed","ping_status":"closed","template":"","meta":{"_et_pb_use_builder":"on","_et_pb_old_content":"","_et_gb_content_width":"","_monsterinsights_skip_tracking":false,"_monsterinsights_sitenote_active":false,"_monsterinsights_sitenote_note":"","_monsterinsights_sitenote_category":0,"footnotes":""},"aioseo_notices":[],"_links":{"self":[{"href":"https:\/\/www.kimpaituba.com\/sl\/wp-json\/wp\/v2\/pages\/1188"}],"collection":[{"href":"https:\/\/www.kimpaituba.com\/sl\/wp-json\/wp\/v2\/pages"}],"about":[{"href":"https:\/\/www.kimpaituba.com\/sl\/wp-json\/wp\/v2\/types\/page"}],"author":[{"embeddable":true,"href":"https:\/\/www.kimpaituba.com\/sl\/wp-json\/wp\/v2\/users\/1"}],"replies":[{"embeddable":true,"href":"https:\/\/www.kimpaituba.com\/sl\/wp-json\/wp\/v2\/comments?post=1188"}],"version-history":[{"count":121,"href":"https:\/\/www.kimpaituba.com\/sl\/wp-json\/wp\/v2\/pages\/1188\/revisions"}],"predecessor-version":[{"id":2053,"href":"https:\/\/www.kimpaituba.com\/sl\/wp-json\/wp\/v2\/pages\/1188\/revisions\/2053"}],"up":[{"embeddable":true,"href":"https:\/\/www.kimpaituba.com\/sl\/wp-json\/wp\/v2\/pages\/1399"}],"wp:attachment":[{"href":"https:\/\/www.kimpaituba.com\/sl\/wp-json\/wp\/v2\/media?parent=1188"}],"curies":[{"name":"wp","href":"https:\/\/api.w.org\/{rel}","templated":true}]}}