{"id":1399,"date":"2023-12-04T09:31:09","date_gmt":"2023-12-04T08:31:09","guid":{"rendered":"https:\/\/www.kimpaituba.com\/?page_id=1399"},"modified":"2024-05-14T12:01:25","modified_gmt":"2024-05-14T11:01:25","slug":"our-story","status":"publish","type":"page","link":"https:\/\/www.kimpaituba.com\/sl\/our-story\/","title":{"rendered":"Na\u0161a zgodba"},"content":{"rendered":"<p>[et_pb_section fb_built=&#8221;1&#8243; _builder_version=&#8221;4.24.3&#8243; _module_preset=&#8221;default&#8221; custom_padding=&#8221;0px|0px|0px|0px|false|true&#8221; locked=&#8221;off&#8221; global_colors_info=&#8221;{}&#8221;][et_pb_row column_structure=&#8221;2_5,3_5&#8243; use_custom_gutter=&#8221;on&#8221; gutter_width=&#8221;1&#8243; make_equal=&#8221;on&#8221; _builder_version=&#8221;4.24.3&#8243; _module_preset=&#8221;default&#8221; width=&#8221;90%&#8221; max_width=&#8221;none&#8221; custom_padding=&#8221;0px||0px||true|false&#8221; global_colors_info=&#8221;{}&#8221;][et_pb_column type=&#8221;2_5&#8243; _builder_version=&#8221;4.24.3&#8243; _module_preset=&#8221;default&#8221; custom_padding=&#8221;||44px||false|false&#8221; global_colors_info=&#8221;{}&#8221;][et_pb_text _builder_version=&#8221;4.24.3&#8243; _module_preset=&#8221;default&#8221; text_text_color=&#8221;gcid-f212ab79-f76f-419a-a13f-8d157a4c61dd&#8221; text_font_size=&#8221;20px&#8221; text_line_height=&#8221;1.6em&#8221; header_font=&#8221;||||||||&#8221; header_text_color=&#8221;gcid-c870fd13-66ac-4c80-9c31-661f57ed5a94&#8243; header_font_size=&#8221;44px&#8221; header_line_height=&#8221;1.2em&#8221; width=&#8221;90%&#8221; width_tablet=&#8221;70%&#8221; width_phone=&#8221;90%&#8221; width_last_edited=&#8221;on|phone&#8221; min_height=&#8221;10px&#8221; custom_margin=&#8221;||44px||false|false&#8221; custom_padding=&#8221;74px|||10%|false|false&#8221; hover_enabled=&#8221;0&#8243; text_font_size_tablet=&#8221;&#8221; text_font_size_phone=&#8221;13px&#8221; text_font_size_last_edited=&#8221;on|phone&#8221; header_font_size_tablet=&#8221;54px&#8221; header_font_size_phone=&#8221;34px&#8221; header_font_size_last_edited=&#8221;on|phone&#8221; locked=&#8221;off&#8221; global_colors_info=&#8221;{%22gcid-f212ab79-f76f-419a-a13f-8d157a4c61dd%22:%91%22text_text_color%22%93,%22gcid-c870fd13-66ac-4c80-9c31-661f57ed5a94%22:%91%22header_text_color%22%93}&#8221; sticky_enabled=&#8221;0&#8243;]<\/p>\n<h1>Kim Pai Group in Impact International<\/h1>\n<p>&nbsp;<\/p>\n<p>Smo ponosni \u010dlan dveh vodilnih dru\u017ein proizvajalcev tub: skupine Kim Pai in Impact International.<\/p>\n<p>Skupaj prina\u0161amo najbolj\u0161e iz obeh svetov v Slovenijo in Evropo.<\/p>\n<p>[\/et_pb_text][et_pb_button button_url=&#8221;@ET-DC@eyJkeW5hbWljIjp0cnVlLCJjb250ZW50IjoicG9zdF9saW5rX3VybF9wYWdlIiwic2V0dGluZ3MiOnsicG9zdF9pZCI6IjE0MDIifX0=@&#8221; button_text=&#8221;Our Tubes&#8221; button_alignment=&#8221;center&#8221; admin_label=&#8221;Our Tubes&#8221; _builder_version=&#8221;4.24.3&#8243; _dynamic_attributes=&#8221;button_url&#8221; _module_preset=&#8221;default&#8221; custom_button=&#8221;on&#8221; button_text_color=&#8221;gcid-f212ab79-f76f-419a-a13f-8d157a4c61dd&#8221; button_bg_color=&#8221;RGBA(255,255,255,0)&#8221; button_border_color=&#8221;gcid-f212ab79-f76f-419a-a13f-8d157a4c61dd&#8221; button_border_radius=&#8221;44px&#8221; button_on_hover=&#8221;off&#8221; custom_margin=&#8221;44px||||false|false&#8221; custom_padding=&#8221;14px|64px|14px|54px|true|false&#8221; custom_css_main_element=&#8221;width: 50%;&#8221; saved_tabs=&#8221;all&#8221; locked=&#8221;off&#8221; global_colors_info=&#8221;{%22gcid-f212ab79-f76f-419a-a13f-8d157a4c61dd%22:%91%22button_border_color%22,%22button_text_color%22%93}&#8221; custom_css_main_element_last_edited=&#8221;on|phone&#8221; custom_css_main_element_phone=&#8221;width: 90%;&#8221; custom_css_main_element_tablet=&#8221;width: 50%;&#8221;][\/et_pb_button][\/et_pb_column][et_pb_column type=&#8221;3_5&#8243; _builder_version=&#8221;4.24.3&#8243; _module_preset=&#8221;default&#8221; background_enable_image=&#8221;off&#8221; global_colors_info=&#8221;{}&#8221;][et_pb_image src=&#8221;https:\/\/www.kimpaituba.com\/wp-content\/uploads\/2024\/05\/kpt-infographic-01.jpg&#8221; alt=&#8221;The Group&#8221; title_text=&#8221;The Group&#8221; align=&#8221;center&#8221; _builder_version=&#8221;4.24.3&#8243; _module_preset=&#8221;default&#8221; width=&#8221;75%&#8221; global_colors_info=&#8221;{}&#8221;][\/et_pb_image][\/et_pb_column][\/et_pb_row][\/et_pb_section][et_pb_section fb_built=&#8221;1&#8243; custom_padding_last_edited=&#8221;on|phone&#8221; _builder_version=&#8221;4.24.2&#8243; _module_preset=&#8221;default&#8221; background_color=&#8221;#FFFFFF&#8221; z_index=&#8221;100&#8243; custom_padding=&#8221;||||false|false&#8221; custom_padding_tablet=&#8221;||0px||false|false&#8221; custom_padding_phone=&#8221;0px||||false|false&#8221; global_colors_info=&#8221;{}&#8221;][et_pb_row custom_padding_last_edited=&#8221;on|phone&#8221; _builder_version=&#8221;4.24.0&#8243; _module_preset=&#8221;default&#8221; background_color=&#8221;#FFFFFF&#8221; vertical_offset_tablet=&#8221;-150px&#8221; vertical_offset_phone=&#8221;&#8221; vertical_offset_last_edited=&#8221;on|phone&#8221; width_tablet=&#8221;&#8221; width_phone=&#8221;100%&#8221; width_last_edited=&#8221;on|phone&#8221; max_width=&#8221;100%&#8221; custom_padding=&#8221;24px|24px|24px|24px|true|true&#8221; custom_padding_tablet=&#8221;24px|24px|24px|24px|true|true&#8221; custom_padding_phone=&#8221;|24px||24px|true|true&#8221; border_radii=&#8221;off||||&#8221; border_width_all=&#8221;0px&#8221; global_colors_info=&#8221;{}&#8221;][et_pb_column type=&#8221;4_4&#8243; _builder_version=&#8221;4.24.0&#8243; _module_preset=&#8221;default&#8221; global_colors_info=&#8221;{}&#8221;][et_pb_text _builder_version=&#8221;4.24.2&#8243; _module_preset=&#8221;default&#8221; text_line_height=&#8221;1.8em&#8221; header_4_text_color=&#8221;gcid-c870fd13-66ac-4c80-9c31-661f57ed5a94&#8243; header_4_font_size=&#8221;54px&#8221; background_enable_color=&#8221;off&#8221; custom_padding=&#8221;16px|64px|16px|64px|true|true&#8221; custom_padding_tablet=&#8221;64px|64px|64px|64px|true|true&#8221; custom_padding_phone=&#8221;0px|14px|0px|14px|true|true&#8221; custom_padding_last_edited=&#8221;on|phone&#8221; text_font_size_tablet=&#8221;&#8221; text_font_size_phone=&#8221;13px&#8221; text_font_size_last_edited=&#8221;on|phone&#8221; header_4_font_size_tablet=&#8221;54px&#8221; header_4_font_size_phone=&#8221;24px&#8221; header_4_font_size_last_edited=&#8221;on|phone&#8221; background_color_phone=&#8221;#FFFFFF&#8221; background_last_edited=&#8221;on|phone&#8221; background_enable_color_phone=&#8221;on&#8221; global_colors_info=&#8221;{%22gcid-c870fd13-66ac-4c80-9c31-661f57ed5a94%22:%91%22header_4_text_color%22%93}&#8221;]<\/p>\n<h4>Na\u0161a zgodba<\/h4>\n<p>Skupina Kim Pai Group je velika sila v Aziji, vsako leto proizvede pribli\u017eno 2 milijardi tub in \u200b\u200boskrbuje milijone ljudi po vsem svetu. Zaradi strokovnega znanja na podro\u010dju hitrega odlo\u010danja in proizvodnje tub po meri smo postali priljubljeni v ve\u010d kot 30 dr\u017eavah.<\/p>\n<p>Pri Impact International \u017ee ve\u010d kot 90 let izdelujemo tube vrhunske kakovosti. Z mo\u010dno prisotnostjo od Avstralije do Japonske smo znani po inovativnem dizajnu in predanosti kakovosti.<\/p>\n<p>Pri Kim Pai Tubi zdru\u017eujemo te bogate zgodovine, da dostavimo izjemne laminatne tube prav iz osr\u010dja Slovenije. Kakovost, inovativnost in trajnost so jedro na\u0161ega po\u010detja.<\/p>\n<p>Pridru\u017eite se nam pri na\u0161i misiji ustvarjanja najbolj\u0161ih tub za svet in va\u0161o blagovno znamko!<\/p>\n<p>[\/et_pb_text][\/et_pb_column][\/et_pb_row][\/et_pb_section]<\/p>","protected":false},"excerpt":{"rendered":"<p>Kim Pai Group and Impact International &nbsp; We&#8217;re a proud member of two leading tube manufacturing families: the Kim Pai Group and Impact International. Together, we bring the best of both worlds to Ljubljana, Europe.Our Story Kim Pai Group is a powerhouse in Asia, producing rougly 2 billion tubes each year and serving millions across [&hellip;]<\/p>","protected":false},"author":1,"featured_media":0,"parent":0,"menu_order":200,"comment_status":"closed","ping_status":"closed","template":"","meta":{"_et_pb_use_builder":"on","_et_pb_old_content":"<p>WE INNOVATE.<\/p><p>Welcome to Kim Pai Tuba Slovenia.<\/p><p>We're a proud member of two leading tube manufacturing families: the Kim Pai Group and Impact International. Together, we bring the best of both worlds to Ljubljana, Europe.<\/p><p>Kim Pai Group is a powerhouse in Asia, producing rougly 2 billion tubes each year and serving millions across the globe. Their expertise in quick decision-making and custom tube production has made us a favorite in over 30 countries.<\/p><p>Impact International has been crafting top-quality tubes for over 90 years. With a strong presence from Australia to Japan, we're known for innovative designs and commitment to quality.<\/p><p>Here at Kim Pai Tuba, we combine these rich histories to deliver exceptional laminate tubes right from the heart of Slovenia. Quality, innovation, and sustainability are at the core of what we do.<\/p><p>Join us in our mission to create the best tubes for the world and your brand!<\/p>","_et_gb_content_width":"","_monsterinsights_skip_tracking":false,"_monsterinsights_sitenote_active":false,"_monsterinsights_sitenote_note":"","_monsterinsights_sitenote_category":0,"footnotes":""},"aioseo_notices":[],"_links":{"self":[{"href":"https:\/\/www.kimpaituba.com\/sl\/wp-json\/wp\/v2\/pages\/1399"}],"collection":[{"href":"https:\/\/www.kimpaituba.com\/sl\/wp-json\/wp\/v2\/pages"}],"about":[{"href":"https:\/\/www.kimpaituba.com\/sl\/wp-json\/wp\/v2\/types\/page"}],"author":[{"embeddable":true,"href":"https:\/\/www.kimpaituba.com\/sl\/wp-json\/wp\/v2\/users\/1"}],"replies":[{"embeddable":true,"href":"https:\/\/www.kimpaituba.com\/sl\/wp-json\/wp\/v2\/comments?post=1399"}],"version-history":[{"count":50,"href":"https:\/\/www.kimpaituba.com\/sl\/wp-json\/wp\/v2\/pages\/1399\/revisions"}],"predecessor-version":[{"id":2032,"href":"https:\/\/www.kimpaituba.com\/sl\/wp-json\/wp\/v2\/pages\/1399\/revisions\/2032"}],"wp:attachment":[{"href":"https:\/\/www.kimpaituba.com\/sl\/wp-json\/wp\/v2\/media?parent=1399"}],"curies":[{"name":"wp","href":"https:\/\/api.w.org\/{rel}","templated":true}]}}