{"id":1402,"date":"2023-12-04T09:32:14","date_gmt":"2023-12-04T08:32:14","guid":{"rendered":"https:\/\/www.kimpaituba.com\/?page_id=1402"},"modified":"2024-04-18T09:48:36","modified_gmt":"2024-04-18T08:48:36","slug":"our-tubes","status":"publish","type":"page","link":"https:\/\/www.kimpaituba.com\/sl\/our-tubes\/","title":{"rendered":"Na\u0161e tube"},"content":{"rendered":"<p>[et_pb_section fb_built=&#8221;1&#8243; disabled_on=&#8221;off|off|off&#8221; admin_label=&#8221;HEADER&#8221; _builder_version=&#8221;4.24.0&#8243; _module_preset=&#8221;default&#8221; background_image=&#8221;https:\/\/www.kimpaituba.com\/wp-content\/uploads\/2020\/03\/tubes-mpet.png&#8221; background_size=&#8221;initial&#8221; background_position=&#8221;bottom_right&#8221; width=&#8221;100%&#8221; max_width=&#8221;100%&#8221; module_alignment=&#8221;right&#8221; max_height=&#8221;500px&#8221; max_height_tablet=&#8221;500px&#8221; max_height_phone=&#8221;250px&#8221; max_height_last_edited=&#8221;on|phone&#8221; custom_margin=&#8221;||0px||false|false&#8221; custom_padding=&#8221;0px||0px||true|false&#8221; background_last_edited=&#8221;on|phone&#8221; background_enable_image_phone=&#8221;off&#8221; box_shadow_style=&#8221;preset6&#8243; locked=&#8221;off&#8221; global_colors_info=&#8221;{}&#8221;][et_pb_row column_structure=&#8221;1_2,1_2&#8243; _builder_version=&#8221;4.23.1&#8243; _module_preset=&#8221;default&#8221; background_color=&#8221;RGBA(255,255,255,0)&#8221; background_enable_image=&#8221;off&#8221; width=&#8221;100%&#8221; max_width=&#8221;100%&#8221; custom_margin=&#8221;-14px||||false|false&#8221; custom_padding=&#8221;0px||0px||true|false&#8221; global_colors_info=&#8221;{}&#8221;][et_pb_column type=&#8221;1_2&#8243; _builder_version=&#8221;4.23.1&#8243; _module_preset=&#8221;default&#8221; background_color=&#8221;#FFFFFF&#8221; custom_padding=&#8221;4vw||7vw||false|false&#8221; custom_padding_tablet=&#8221;4vw||10vw||false|false&#8221; custom_padding_phone=&#8221;6vw||||false|false&#8221; custom_padding_last_edited=&#8221;on|phone&#8221; border_radii=&#8221;off||2300px||&#8221; border_radii_tablet=&#8221;off||400px||&#8221; border_radii_phone=&#8221;off||0px||&#8221; border_radii_last_edited=&#8221;on|phone&#8221; box_shadow_style=&#8221;preset3&#8243; box_shadow_horizontal=&#8221;76px&#8221; box_shadow_vertical=&#8221;6px&#8221; box_shadow_blur=&#8221;0px&#8221; box_shadow_color=&#8221;gcid-6eef6489-e598-47e3-9b51-f072d50a2928&#8243; global_colors_info=&#8221;{%22gcid-6eef6489-e598-47e3-9b51-f072d50a2928%22:%91%22box_shadow_color%22%93}&#8221;][et_pb_text _builder_version=&#8221;4.23.1&#8243; _module_preset=&#8221;default&#8221; text_line_height=&#8221;1.6em&#8221; header_font=&#8221;|300|||||||&#8221; header_text_color=&#8221;gcid-c870fd13-66ac-4c80-9c31-661f57ed5a94&#8243; header_line_height=&#8221;1.2em&#8221; header_5_font=&#8221;||||||||&#8221; header_5_text_color=&#8221;gcid-c870fd13-66ac-4c80-9c31-661f57ed5a94&#8243; width=&#8221;70%&#8221; width_tablet=&#8221;70%&#8221; width_phone=&#8221;90%&#8221; width_last_edited=&#8221;on|phone&#8221; custom_margin=&#8221;||||false|false&#8221; custom_padding=&#8221;|||10%|false|false&#8221; text_font_size_tablet=&#8221;&#8221; text_font_size_phone=&#8221;13px&#8221; text_font_size_last_edited=&#8221;on|phone&#8221; header_font_size_tablet=&#8221;54px&#8221; header_font_size_phone=&#8221;34px&#8221; header_font_size_last_edited=&#8221;on|phone&#8221; global_colors_info=&#8221;{%22gcid-c870fd13-66ac-4c80-9c31-661f57ed5a94%22:%91%22header_text_color%22,%22header_5_text_color%22%93}&#8221;]<\/p>\n<h1>Na\u0161e tube<\/h1>\n<h5>Vrhunske in trajnostne re\u0161itve za tube<\/h5>\n<p>Pionir v okolju prijazni embala\u017ei.<\/p>\n<p>Predani smo oblikovanju in izdelavi vrhunskih laminatnih tub z izjemnimi dekoracijami, ki so popolnoma primerne za kozmeti\u010dni sektor, osebno nego, farmacevtski sektor in drugo.<\/p>\n<p>[\/et_pb_text][\/et_pb_column][et_pb_column type=&#8221;1_2&#8243; _builder_version=&#8221;4.23.1&#8243; _module_preset=&#8221;default&#8221; global_colors_info=&#8221;{}&#8221;][et_pb_text disabled_on=&#8221;on|off|off&#8221; _builder_version=&#8221;4.23.1&#8243; _module_preset=&#8221;default&#8221; header_font=&#8221;|800|||||||&#8221; header_text_align=&#8221;right&#8221; header_text_color=&#8221;rgba(255,255,255,0.43)&#8221; header_font_size=&#8221;14vw&#8221; positioning=&#8221;relative&#8221; vertical_offset=&#8221;180px&#8221; horizontal_offset=&#8221;32px&#8221; z_index=&#8221;-100&#8243; global_colors_info=&#8221;{}&#8221;]<\/p>\n<h1>TUBES<\/h1>\n<p>[\/et_pb_text][\/et_pb_column][\/et_pb_row][\/et_pb_section][et_pb_section fb_built=&#8221;1&#8243; custom_padding_last_edited=&#8221;on|phone&#8221; _builder_version=&#8221;4.24.0&#8243; _module_preset=&#8221;default&#8221; background_color=&#8221;#FFFFFF&#8221; positioning=&#8221;none&#8221; z_index=&#8221;50&#8243; vertical_offset_tablet=&#8221;&#8221; vertical_offset_phone=&#8221;&#8221; vertical_offset_last_edited=&#8221;on|desktop&#8221; custom_margin=&#8221;0px||||false|false&#8221; custom_padding=&#8221;||0px||false|false&#8221; custom_padding_tablet=&#8221;||0px||false|false&#8221; custom_padding_phone=&#8221;0px||||false|false&#8221; global_colors_info=&#8221;{}&#8221;][et_pb_row column_structure=&#8221;1_3,1_3,1_3&#8243; use_custom_gutter=&#8221;on&#8221; gutter_width=&#8221;2&#8243; make_equal=&#8221;on&#8221; _builder_version=&#8221;4.23.1&#8243; _module_preset=&#8221;default&#8221; vertical_offset=&#8221;-150px&#8221; vertical_offset_tablet=&#8221;-150px&#8221; vertical_offset_phone=&#8221;0px&#8221; vertical_offset_last_edited=&#8221;on|phone&#8221; module_alignment=&#8221;center&#8221; custom_margin=&#8221;|auto||auto|false|false&#8221; global_colors_info=&#8221;{}&#8221;][et_pb_column type=&#8221;1_3&#8243; _builder_version=&#8221;4.23.1&#8243; _module_preset=&#8221;default&#8221; global_colors_info=&#8221;{}&#8221;][et_pb_blurb title=&#8221;PBL TUBES&#8221; use_icon=&#8221;on&#8221; admin_label=&#8221;PBL TUBES&#8221; _builder_version=&#8221;4.24.0&#8243; _dynamic_attributes=&#8221;link_option_url&#8221; _module_preset=&#8221;default&#8221; header_text_color=&#8221;gcid-c870fd13-66ac-4c80-9c31-661f57ed5a94&#8243; header_font_size=&#8221;30px&#8221; background_color=&#8221;#FFFFFF&#8221; text_orientation=&#8221;center&#8221; custom_padding=&#8221;64px||64px||true|false&#8221; link_option_url=&#8221;@ET-DC@eyJkeW5hbWljIjp0cnVlLCJjb250ZW50IjoicG9zdF9saW5rX3VybF9wYWdlIiwic2V0dGluZ3MiOnsicG9zdF9pZCI6IjE2MTEifX0=@&#8221; border_radii=&#8221;on|14px|14px|14px|14px&#8221; box_shadow_style=&#8221;preset1&#8243; global_colors_info=&#8221;{%22gcid-c870fd13-66ac-4c80-9c31-661f57ed5a94%22:%91%22header_text_color%22%93}&#8221;][\/et_pb_blurb][\/et_pb_column][et_pb_column type=&#8221;1_3&#8243; _builder_version=&#8221;4.23.1&#8243; _module_preset=&#8221;default&#8221; global_colors_info=&#8221;{}&#8221;][et_pb_blurb title=&#8221;ABL TUBES&#8221; use_icon=&#8221;on&#8221; admin_label=&#8221;ABL TUBES&#8221; _builder_version=&#8221;4.24.0&#8243; _dynamic_attributes=&#8221;link_option_url&#8221; _module_preset=&#8221;default&#8221; header_text_color=&#8221;gcid-c870fd13-66ac-4c80-9c31-661f57ed5a94&#8243; header_font_size=&#8221;30px&#8221; background_color=&#8221;#FFFFFF&#8221; text_orientation=&#8221;center&#8221; custom_padding=&#8221;64px||64px||true|false&#8221; link_option_url=&#8221;@ET-DC@eyJkeW5hbWljIjp0cnVlLCJjb250ZW50IjoicG9zdF9saW5rX3VybF9wYWdlIiwic2V0dGluZ3MiOnsicG9zdF9pZCI6IjE2MjcifX0=@&#8221; border_radii=&#8221;on|14px|14px|14px|14px&#8221; box_shadow_style=&#8221;preset1&#8243; global_colors_info=&#8221;{%22gcid-c870fd13-66ac-4c80-9c31-661f57ed5a94%22:%91%22header_text_color%22,%22header_text_color%22,%22header_text_color%22%93}&#8221;][\/et_pb_blurb][\/et_pb_column][et_pb_column type=&#8221;1_3&#8243; _builder_version=&#8221;4.23.1&#8243; _module_preset=&#8221;default&#8221; global_colors_info=&#8221;{}&#8221;][et_pb_blurb title=&#8221;PCR TUBES&#8221; use_icon=&#8221;on&#8221; admin_label=&#8221;PCR TUBES&#8221; _builder_version=&#8221;4.24.0&#8243; _dynamic_attributes=&#8221;link_option_url&#8221; _module_preset=&#8221;default&#8221; header_text_color=&#8221;gcid-c870fd13-66ac-4c80-9c31-661f57ed5a94&#8243; header_font_size=&#8221;30px&#8221; background_color=&#8221;#FFFFFF&#8221; text_orientation=&#8221;center&#8221; custom_padding=&#8221;64px||64px||true|false&#8221; link_option_url=&#8221;@ET-DC@eyJkeW5hbWljIjp0cnVlLCJjb250ZW50IjoicG9zdF9saW5rX3VybF9wYWdlIiwic2V0dGluZ3MiOnsicG9zdF9pZCI6IjE2MzIifX0=@&#8221; border_radii=&#8221;on|14px|14px|14px|14px&#8221; box_shadow_style=&#8221;preset1&#8243; global_colors_info=&#8221;{%22gcid-c870fd13-66ac-4c80-9c31-661f57ed5a94%22:%91%22header_text_color%22,%22header_text_color%22,%22header_text_color%22%93}&#8221;][\/et_pb_blurb][\/et_pb_column][\/et_pb_row][et_pb_row column_structure=&#8221;3_5,2_5&#8243; custom_padding_last_edited=&#8221;on|phone&#8221; _builder_version=&#8221;4.24.0&#8243; _module_preset=&#8221;default&#8221; background_color=&#8221;#FFFFFF&#8221; vertical_offset=&#8221;-120px&#8221; z_index=&#8221;300&#8243; vertical_offset_tablet=&#8221;-150px&#8221; vertical_offset_phone=&#8221;0px&#8221; vertical_offset_last_edited=&#8221;on|phone&#8221; width_tablet=&#8221;&#8221; width_phone=&#8221;100%&#8221; width_last_edited=&#8221;on|phone&#8221; custom_padding=&#8221;57px|74px|57px|24px|true|false&#8221; custom_padding_tablet=&#8221;24px|24px|24px|24px|true|true&#8221; custom_padding_phone=&#8221;44px|24px|44px|24px|true|true&#8221; border_radii=&#8221;off||24px||&#8221; global_colors_info=&#8221;{}&#8221;][et_pb_column type=&#8221;3_5&#8243; _builder_version=&#8221;4.23.1&#8243; _module_preset=&#8221;default&#8221; global_colors_info=&#8221;{}&#8221;][et_pb_text _builder_version=&#8221;4.23.1&#8243; _module_preset=&#8221;default&#8221; text_line_height=&#8221;1.6em&#8221; header_font=&#8221;|300|||||||&#8221; header_text_color=&#8221;gcid-c870fd13-66ac-4c80-9c31-661f57ed5a94&#8243; header_line_height=&#8221;1.6em&#8221; header_2_text_color=&#8221;gcid-c870fd13-66ac-4c80-9c31-661f57ed5a94&#8243; header_2_line_height=&#8221;1.4em&#8221; header_4_text_color=&#8221;gcid-c870fd13-66ac-4c80-9c31-661f57ed5a94&#8243; header_5_font=&#8221;|300|||||||&#8221; header_5_text_color=&#8221;gcid-c870fd13-66ac-4c80-9c31-661f57ed5a94&#8243; background_enable_color=&#8221;off&#8221; custom_margin=&#8221;12px|||||&#8221; custom_padding=&#8221;|64px|44px|64px|false|true&#8221; custom_padding_tablet=&#8221;64px|64px|64px|64px|true|true&#8221; custom_padding_phone=&#8221;0px|24px|0px|24px|true|true&#8221; custom_padding_last_edited=&#8221;on|phone&#8221; text_font_size_tablet=&#8221;&#8221; text_font_size_phone=&#8221;13px&#8221; text_font_size_last_edited=&#8221;on|phone&#8221; header_font_size_tablet=&#8221;&#8221; header_font_size_phone=&#8221;34px&#8221; header_font_size_last_edited=&#8221;on|phone&#8221; background_color_phone=&#8221;#FFFFFF&#8221; background_last_edited=&#8221;on|phone&#8221; background_enable_color_phone=&#8221;on&#8221; global_colors_info=&#8221;{%22gcid-c870fd13-66ac-4c80-9c31-661f57ed5a94%22:%91%22header_text_color%22,%22header_2_text_color%22,%22header_5_text_color%22,%22header_4_text_color%22%93}&#8221;]<\/p>\n<h4>Va\u0161 Partner Za Pakiranje<\/h4>\n<p>Smo dinami\u010dna, inovativna ekipa z neprimerljivim strokovnim znanjem, ki ponuja brezhibno izku\u0161njo sodelovanja.<\/p>\n<p>Kim Pai Tuba je vodilna pri razumevanju in izpolnjevanju va\u0161ih edinstvenih zahtev.<\/p>\n<p>Zavezani smo biti odgovoren partner, ki aktivno prispeva k va\u0161im trajnostnim ciljem in predstavlja popolno re\u0161itev za va\u0161o blagovno znamko v iskanju popolnega zaveznika embala\u017ee.<\/p>\n<p>[\/et_pb_text][\/et_pb_column][et_pb_column type=&#8221;2_5&#8243; _builder_version=&#8221;4.23.1&#8243; _module_preset=&#8221;default&#8221; global_colors_info=&#8221;{}&#8221;][et_pb_text _builder_version=&#8221;4.23.1&#8243; _module_preset=&#8221;default&#8221; text_text_color=&#8221;gcid-c870fd13-66ac-4c80-9c31-661f57ed5a94&#8243; text_font_size=&#8221;22px&#8221; custom_margin=&#8221;24px|||||&#8221; link_option_url=&#8221;https:\/\/www.kimpaituba.com\/wp-content\/uploads\/2020\/05\/kpt-katalog-web.pdf&#8221; link_option_url_new_window=&#8221;on&#8221; global_colors_info=&#8221;{%22gcid-c870fd13-66ac-4c80-9c31-661f57ed5a94%22:%91%22text_text_color%22%93}&#8221;]<\/p>\n<p>Odkrijte na\u0161 katalog<\/p>\n<p>[\/et_pb_text][et_pb_image src=&#8221;https:\/\/www.kimpaituba.com\/wp-content\/uploads\/2020\/05\/kimpai-tuba-catalog.jpg&#8221; alt=&#8221;Kimpai Tuba&#8221; title_text=&#8221;Download Kimpai Tuba Catalogue&#8221; url=&#8221;https:\/\/www.kimpaituba.com\/wp-content\/uploads\/2020\/05\/kpt-katalog-web.pdf&#8221; url_new_window=&#8221;on&#8221; admin_label=&#8221;IMG &#8211; Catalogue&#8221; _builder_version=&#8221;4.23.1&#8243; _module_preset=&#8221;default&#8221; global_colors_info=&#8221;{}&#8221;][\/et_pb_image][\/et_pb_column][\/et_pb_row][et_pb_row _builder_version=&#8221;4.23.1&#8243; _module_preset=&#8221;default&#8221; background_color=&#8221;#FFFFFF&#8221; vertical_offset=&#8221;-120px&#8221; vertical_offset_tablet=&#8221;-120px&#8221; vertical_offset_phone=&#8221;0px&#8221; vertical_offset_last_edited=&#8221;on|phone&#8221; width_tablet=&#8221;&#8221; width_phone=&#8221;100%&#8221; width_last_edited=&#8221;on|phone&#8221; custom_padding=&#8221;||86px|||&#8221; border_radii=&#8221;off||||24px&#8221; saved_tabs=&#8221;all&#8221; global_colors_info=&#8221;{}&#8221;][et_pb_column type=&#8221;4_4&#8243; _builder_version=&#8221;4.23.1&#8243; _module_preset=&#8221;default&#8221; global_colors_info=&#8221;{}&#8221;][et_pb_button button_url=&#8221;\/our-story\/contact-us-2\/#sendmessage&#8221; button_text=&#8221;Get a Quotation&#8221; button_alignment=&#8221;center&#8221; admin_label=&#8221;Get a Quotation&#8221; _builder_version=&#8221;4.24.3&#8243; _module_preset=&#8221;default&#8221; custom_button=&#8221;on&#8221; button_border_radius=&#8221;44px&#8221; button_on_hover=&#8221;off&#8221; custom_margin=&#8221;24px||||false|false&#8221; custom_padding=&#8221;14px|64px|14px|54px|true|false&#8221; hover_enabled=&#8221;0&#8243; custom_css_main_element=&#8221;width: 50%;&#8221; global_module=&#8221;1653&#8243; saved_tabs=&#8221;all&#8221; global_colors_info=&#8221;{}&#8221; custom_css_main_element_last_edited=&#8221;on|phone&#8221; custom_css_main_element_phone=&#8221;width: 90%;&#8221; custom_css_main_element_tablet=&#8221;width: 50%;&#8221; sticky_enabled=&#8221;0&#8243;][\/et_pb_button][\/et_pb_column][\/et_pb_row][\/et_pb_section]<\/p>","protected":false},"excerpt":{"rendered":"<p>Our Tubes Superior &amp; Sustainable Tube Solutions Pioneering in Eco-Conscious Packaging. We are dedicated to designing and producing superior laminate tubes with outstanding decorations, perfectly suited for the beauty, personal care, pharmaceutical sectors, and more.TUBESYour Go-To Packaging Partner We are a dynamic, innovative team with unparalleled expertise, offering a seamless collaboration experience. Kim Pai Tuba [&hellip;]<\/p>","protected":false},"author":1,"featured_media":0,"parent":0,"menu_order":300,"comment_status":"closed","ping_status":"closed","template":"","meta":{"_et_pb_use_builder":"on","_et_pb_old_content":"<p>Superior & Sustainable Tube Solutions<\/p><p>Pioneering in Eco-Conscious Packaging. We are dedicated to designing and producing superior laminate tubes with outstanding decorations, perfectly suited for the beauty, personal care, pharmaceutical sectors, and more.<\/p><p>Your Go-To Packaging Partner<\/p><p>We are a dynamic, innovative team with unparalleled expertise, offering a seamless collaboration experience. Kim Pai Tuba stands as a leader in understanding and meeting your unique requirements. We are committed to being a responsible partner, actively contributing to your sustainability objectives, and representing a complete solution for your brand in search of the perfect packaging ally.<\/p>","_et_gb_content_width":"","_monsterinsights_skip_tracking":false,"_monsterinsights_sitenote_active":false,"_monsterinsights_sitenote_note":"","_monsterinsights_sitenote_category":0,"footnotes":""},"aioseo_notices":[],"_links":{"self":[{"href":"https:\/\/www.kimpaituba.com\/sl\/wp-json\/wp\/v2\/pages\/1402"}],"collection":[{"href":"https:\/\/www.kimpaituba.com\/sl\/wp-json\/wp\/v2\/pages"}],"about":[{"href":"https:\/\/www.kimpaituba.com\/sl\/wp-json\/wp\/v2\/types\/page"}],"author":[{"embeddable":true,"href":"https:\/\/www.kimpaituba.com\/sl\/wp-json\/wp\/v2\/users\/1"}],"replies":[{"embeddable":true,"href":"https:\/\/www.kimpaituba.com\/sl\/wp-json\/wp\/v2\/comments?post=1402"}],"version-history":[{"count":31,"href":"https:\/\/www.kimpaituba.com\/sl\/wp-json\/wp\/v2\/pages\/1402\/revisions"}],"predecessor-version":[{"id":1998,"href":"https:\/\/www.kimpaituba.com\/sl\/wp-json\/wp\/v2\/pages\/1402\/revisions\/1998"}],"wp:attachment":[{"href":"https:\/\/www.kimpaituba.com\/sl\/wp-json\/wp\/v2\/media?parent=1402"}],"curies":[{"name":"wp","href":"https:\/\/api.w.org\/{rel}","templated":true}]}}