{"id":1611,"date":"2024-01-16T08:30:15","date_gmt":"2024-01-16T07:30:15","guid":{"rendered":"https:\/\/www.kimpaituba.com\/?page_id=1611"},"modified":"2024-03-04T09:36:06","modified_gmt":"2024-03-04T08:36:06","slug":"pbl-tubes","status":"publish","type":"page","link":"https:\/\/www.kimpaituba.com\/sl\/our-tubes\/pbl-tubes\/","title":{"rendered":"PBL Tube"},"content":{"rendered":"<p>[et_pb_section fb_built=&#8221;1&#8243; disabled_on=&#8221;off|off|off&#8221; admin_label=&#8221;HEADER&#8221; _builder_version=&#8221;4.24.0&#8243; _module_preset=&#8221;default&#8221; background_image=&#8221;https:\/\/www.kimpaituba.com\/wp-content\/uploads\/2024\/01\/kimpai-tubes-001.jpg&#8221; background_position=&#8221;top_center&#8221; background_vertical_offset=&#8221;15%&#8221; width=&#8221;100%&#8221; max_width=&#8221;100%&#8221; module_alignment=&#8221;right&#8221; max_height=&#8221;500px&#8221; max_height_tablet=&#8221;500px&#8221; max_height_phone=&#8221;250px&#8221; max_height_last_edited=&#8221;on|phone&#8221; custom_margin=&#8221;||0px||false|false&#8221; custom_padding=&#8221;0px||0px||true|false&#8221; background_last_edited=&#8221;on|phone&#8221; background_enable_image_phone=&#8221;off&#8221; box_shadow_style=&#8221;preset6&#8243; locked=&#8221;off&#8221; global_colors_info=&#8221;{}&#8221;][et_pb_row column_structure=&#8221;1_2,1_2&#8243; _builder_version=&#8221;4.23.1&#8243; _module_preset=&#8221;default&#8221; background_color=&#8221;RGBA(255,255,255,0)&#8221; background_enable_image=&#8221;off&#8221; width=&#8221;100%&#8221; max_width=&#8221;100%&#8221; custom_margin=&#8221;-14px||||false|false&#8221; custom_padding=&#8221;0px||0px||true|false&#8221; global_colors_info=&#8221;{}&#8221;][et_pb_column type=&#8221;1_2&#8243; _builder_version=&#8221;4.23.1&#8243; _module_preset=&#8221;default&#8221; background_color=&#8221;#FFFFFF&#8221; custom_padding=&#8221;4vw||10vw||false|false&#8221; custom_padding_tablet=&#8221;4vw||10vw||false|false&#8221; custom_padding_phone=&#8221;6vw||||false|false&#8221; custom_padding_last_edited=&#8221;on|phone&#8221; border_radii=&#8221;off||2300px||&#8221; border_radii_tablet=&#8221;off||400px||&#8221; border_radii_phone=&#8221;off||0px||&#8221; border_radii_last_edited=&#8221;on|phone&#8221; box_shadow_style=&#8221;preset3&#8243; box_shadow_horizontal=&#8221;76px&#8221; box_shadow_vertical=&#8221;6px&#8221; box_shadow_blur=&#8221;0px&#8221; box_shadow_color=&#8221;gcid-6eef6489-e598-47e3-9b51-f072d50a2928&#8243; global_colors_info=&#8221;{%22gcid-6eef6489-e598-47e3-9b51-f072d50a2928%22:%91%22box_shadow_color%22%93}&#8221;][et_pb_text _builder_version=&#8221;4.24.2&#8243; _module_preset=&#8221;default&#8221; text_line_height=&#8221;1.6em&#8221; header_font=&#8221;|300|||||||&#8221; header_text_color=&#8221;gcid-c870fd13-66ac-4c80-9c31-661f57ed5a94&#8243; header_line_height=&#8221;1.7em&#8221; width=&#8221;70%&#8221; width_tablet=&#8221;70%&#8221; width_phone=&#8221;90%&#8221; width_last_edited=&#8221;on|phone&#8221; custom_margin=&#8221;||||false|false&#8221; custom_padding=&#8221;|||10%|false|false&#8221; hover_enabled=&#8221;0&#8243; text_font_size_tablet=&#8221;&#8221; text_font_size_phone=&#8221;13px&#8221; text_font_size_last_edited=&#8221;on|phone&#8221; header_font_size_tablet=&#8221;54px&#8221; header_font_size_phone=&#8221;34px&#8221; header_font_size_last_edited=&#8221;on|phone&#8221; global_colors_info=&#8221;{%22gcid-c870fd13-66ac-4c80-9c31-661f57ed5a94%22:%91%22header_text_color%22%93}&#8221; sticky_enabled=&#8221;0&#8243;]<\/p>\n<h1>PBL Tube<\/h1>\n<p>Odkrijte mo\u010d tub KIM PAI PBL \u2013 va\u0161a idealna re\u0161itev za pakiranje!<\/p>\n<p>Na dana\u0161njem dinami\u010dnem trgu je embala\u017ea va\u0161ega izdelka enako pomembna kot izdelek sam. Tu pridejo na vrsto na\u0161e tube Plastic Barrier Laminates (PBL), ki ponujajo revolucionarno izbiro embala\u017ee za zobne paste, lepotilne, \u017eivilske in farmacevtske izdelke.<\/p>\n<p>[\/et_pb_text][\/et_pb_column][et_pb_column type=&#8221;1_2&#8243; _builder_version=&#8221;4.23.1&#8243; _module_preset=&#8221;default&#8221; global_colors_info=&#8221;{}&#8221;][et_pb_text disabled_on=&#8221;on|off|off&#8221; _builder_version=&#8221;4.23.1&#8243; _module_preset=&#8221;default&#8221; header_font=&#8221;|800|||||||&#8221; header_text_align=&#8221;right&#8221; header_text_color=&#8221;rgba(255,255,255,0.43)&#8221; header_font_size=&#8221;14vw&#8221; positioning=&#8221;relative&#8221; vertical_offset=&#8221;180px&#8221; horizontal_offset=&#8221;32px&#8221; z_index=&#8221;-100&#8243; global_colors_info=&#8221;{}&#8221;]<\/p>\n<h1>TUBES<\/h1>\n<p>[\/et_pb_text][\/et_pb_column][\/et_pb_row][\/et_pb_section][et_pb_section fb_built=&#8221;1&#8243; custom_padding_last_edited=&#8221;on|phone&#8221; _builder_version=&#8221;4.24.0&#8243; _module_preset=&#8221;default&#8221; background_color=&#8221;#FFFFFF&#8221; z_index=&#8221;100&#8243; custom_padding=&#8221;||0px||false|false&#8221; custom_padding_tablet=&#8221;||0px||false|false&#8221; custom_padding_phone=&#8221;0px||||false|false&#8221; global_colors_info=&#8221;{}&#8221;][et_pb_row custom_padding_last_edited=&#8221;on|phone&#8221; _builder_version=&#8221;4.24.0&#8243; _module_preset=&#8221;default&#8221; background_color=&#8221;#FFFFFF&#8221; vertical_offset_tablet=&#8221;-150px&#8221; vertical_offset_phone=&#8221;0px&#8221; vertical_offset_last_edited=&#8221;on|phone&#8221; width_tablet=&#8221;&#8221; width_phone=&#8221;100%&#8221; width_last_edited=&#8221;on|phone&#8221; custom_padding=&#8221;24px|24px|64px|24px|false|true&#8221; custom_padding_tablet=&#8221;24px|24px|24px|24px|true|true&#8221; custom_padding_phone=&#8221;44px|24px|44px|24px|true|true&#8221; border_radii=&#8221;off||||&#8221; global_colors_info=&#8221;{}&#8221;][et_pb_column type=&#8221;4_4&#8243; _builder_version=&#8221;4.24.0&#8243; _module_preset=&#8221;default&#8221; global_colors_info=&#8221;{}&#8221;][et_pb_text ol_position=&#8221;outside&#8221; ol_item_indent=&#8221;22px&#8221; _builder_version=&#8221;4.24.2&#8243; _module_preset=&#8221;default&#8221; text_line_height=&#8221;1.6em&#8221; header_4_text_color=&#8221;gcid-c870fd13-66ac-4c80-9c31-661f57ed5a94&#8243; header_4_line_height=&#8221;2em&#8221; background_enable_color=&#8221;off&#8221; custom_padding=&#8221;35px|64px|35px|64px|true|true&#8221; custom_padding_tablet=&#8221;64px|64px|64px|64px|true|true&#8221; custom_padding_phone=&#8221;0px|24px|0px|24px|true|true&#8221; custom_padding_last_edited=&#8221;on|phone&#8221; hover_enabled=&#8221;0&#8243; text_font_size_tablet=&#8221;&#8221; text_font_size_phone=&#8221;13px&#8221; text_font_size_last_edited=&#8221;on|phone&#8221; background_color_phone=&#8221;#FFFFFF&#8221; background_last_edited=&#8221;on|phone&#8221; background_enable_color_phone=&#8221;on&#8221; locked=&#8221;off&#8221; global_colors_info=&#8221;{%22gcid-c870fd13-66ac-4c80-9c31-661f57ed5a94%22:%91%22header_4_text_color%22%93}&#8221; sticky_enabled=&#8221;0&#8243;]<\/p>\n<h4>Zakaj Izbrati PBL Tube?<\/h4>\n<ol start=\"1\">\n<li><strong>Za\u0161\u010dita Brez Primere: <\/strong>Na\u0161e tube PBL imajo edinstveno ve\u010dplastno strukturo, vklju\u010dno s trdno plasti\u010dno zunanjostjo in notranjo pregradno plastjo. Ta zasnova \u0161\u010diti va\u0161 izdelek pred kisikom, vlago in UV svetlobo, kar zagotavlja dalj\u0161o \u017eivljenjsko dobo in ohranja kakovost.<\/li>\n<\/ol>\n<ol start=\"2\">\n<li><strong>Potro\u0161niku Prijazen Dizajn: <\/strong>Prilagodljiva, a trpe\u017ena narava teh tub pomeni, da so enostavne za uporabo in manipulacijo, kar pove\u010duje zadovoljstvo strank. Poleg tega so odporne proti poskodbam, varne za transport in trgovanje. S po iztisku va\u0161e najljub\u0161e kreme za roke se tuba povrne v prvotno obliko!<\/li>\n<\/ol>\n<ol start=\"3\">\n<li><strong>Privla\u010den in Prilagodljiv: <\/strong>Naj va\u0161 izdelek izstopa! Na\u0161e tube PBL podpirajo visokokakovostni digitalni tisk z neomejenimi mo\u017enostmi odtisa, kot nala\u0161\u010d za privla\u010dne dizajne, ki odzvanjajo z identiteto va\u0161e blagovne znamke.<\/li>\n<\/ol>\n<ol start=\"4\">\n<li><strong>Ekolo\u0161ko Ozave\u0161\u010dena Izbira: <\/strong>Sprejmite trajnost s PBL tubami! Vse bolj jih je mogo\u010de reciklirati, kar je v skladu s sodobnimi okolju prijaznimi praksami.<\/li>\n<\/ol>\n<p>Izberite tube PBL za re\u0161itev pakiranja, ki \u0161\u010diti, naredi vtis in ohranja. Izbolj\u0161ajte svoj izdelek z nami \u0161e danes!<\/p>\n<p>[\/et_pb_text][et_pb_button button_url=&#8221;@ET-DC@eyJkeW5hbWljIjp0cnVlLCJjb250ZW50IjoicG9zdF9saW5rX3VybF9wYWdlIiwic2V0dGluZ3MiOnsicG9zdF9pZCI6IjE1MzgifX0=@&#8221; button_text=&#8221;Get a Quotation&#8221; button_alignment=&#8221;center&#8221; admin_label=&#8221;Get a Quotation&#8221; _builder_version=&#8221;4.23.4&#8243; _dynamic_attributes=&#8221;button_url&#8221; _module_preset=&#8221;default&#8221; custom_button=&#8221;on&#8221; button_border_radius=&#8221;44px&#8221; button_on_hover=&#8221;off&#8221; custom_margin=&#8221;24px||||false|false&#8221; custom_padding=&#8221;14px|64px|14px|54px|true|false&#8221; custom_css_main_element=&#8221;width: 50%;&#8221; global_module=&#8221;1653&#8243; global_colors_info=&#8221;{}&#8221; custom_css_main_element_last_edited=&#8221;on|phone&#8221; custom_css_main_element_phone=&#8221;width: 90%;&#8221; custom_css_main_element_tablet=&#8221;width: 50%;&#8221;][\/et_pb_button][\/et_pb_column][\/et_pb_row][\/et_pb_section]<\/p>","protected":false},"excerpt":{"rendered":"<p>PBL Tubes Discover the Power of KIM PAI PBL Tubes \u2013 Your Ideal Packaging Solution! In today&#8217;s dynamic market, your product&#8217;s packaging is as crucial as the product itself. That&#8217;s where our Plastic Barrier Laminates (PBL) tubes come in, offering a revolutionary packaging choice for toothpaste, beauty, food, and pharmaceutical products.TUBESWhy Choose PBL Tubes? Unmatched [&hellip;]<\/p>","protected":false},"author":1,"featured_media":0,"parent":1402,"menu_order":325,"comment_status":"closed","ping_status":"closed","template":"","meta":{"_et_pb_use_builder":"on","_et_pb_old_content":"","_et_gb_content_width":"","_monsterinsights_skip_tracking":false,"_monsterinsights_sitenote_active":false,"_monsterinsights_sitenote_note":"","_monsterinsights_sitenote_category":0,"footnotes":""},"aioseo_notices":[],"_links":{"self":[{"href":"https:\/\/www.kimpaituba.com\/sl\/wp-json\/wp\/v2\/pages\/1611"}],"collection":[{"href":"https:\/\/www.kimpaituba.com\/sl\/wp-json\/wp\/v2\/pages"}],"about":[{"href":"https:\/\/www.kimpaituba.com\/sl\/wp-json\/wp\/v2\/types\/page"}],"author":[{"embeddable":true,"href":"https:\/\/www.kimpaituba.com\/sl\/wp-json\/wp\/v2\/users\/1"}],"replies":[{"embeddable":true,"href":"https:\/\/www.kimpaituba.com\/sl\/wp-json\/wp\/v2\/comments?post=1611"}],"version-history":[{"count":9,"href":"https:\/\/www.kimpaituba.com\/sl\/wp-json\/wp\/v2\/pages\/1611\/revisions"}],"predecessor-version":[{"id":1791,"href":"https:\/\/www.kimpaituba.com\/sl\/wp-json\/wp\/v2\/pages\/1611\/revisions\/1791"}],"up":[{"embeddable":true,"href":"https:\/\/www.kimpaituba.com\/sl\/wp-json\/wp\/v2\/pages\/1402"}],"wp:attachment":[{"href":"https:\/\/www.kimpaituba.com\/sl\/wp-json\/wp\/v2\/media?parent=1611"}],"curies":[{"name":"wp","href":"https:\/\/api.w.org\/{rel}","templated":true}]}}